{"id":17388,"date":"2024-11-06T07:56:13","date_gmt":"2024-11-06T10:56:13","guid":{"rendered":"https:\/\/www.nepo.unicamp.br\/observatorio\/?page_id=17388"},"modified":"2024-11-06T12:53:58","modified_gmt":"2024-11-06T15:53:58","slug":"ciclo-formativo-para-a-ii-comigrar","status":"publish","type":"page","link":"https:\/\/www.nepo.unicamp.br\/observatorio\/ciclo-formativo-para-a-ii-comigrar\/","title":{"rendered":"Ciclo Formativo para a II Comigrar"},"content":{"rendered":"<div class=\"wpb-content-wrapper\"><p>[vc_row css_animation=&#8221;&#8221; row_type=&#8221;row&#8221; use_row_as_full_screen_section=&#8221;no&#8221; type=&#8221;full_width&#8221; angled_section=&#8221;no&#8221; text_align=&#8221;left&#8221; background_image_as_pattern=&#8221;without_pattern&#8221;][vc_column width=&#8221;1\/2&#8243;][vc_column_text css=&#8221;&#8221;]EIXO 1 &#8211; Igualdade de Tratamento e Acesso a Servi\u00e7os P\u00fablicos (Mona Perlingeiro e Fabiana Nogueira)[\/vc_column_text][vc_empty_space height=&#8221;27px&#8221;][vc_column_text css=&#8221;&#8221;]<video class=\"videos_box\" poster=\"https:\/\/www.nepo.unicamp.br\/observatorio\/wp-content\/uploads\/2024\/11\/imgEixo1.png\" controls=\"controls\" width=\"520\" height=\"293\"><br \/><source src=\"https:\/\/www.nepo.unicamp.br\/observatorio\/wp-content\/uploads\/2024\/11\/CicloFormativo-Eixo1.mp4\" type=\"video\/mp4\" \/><br \/><\/video>[\/vc_column_text][vc_empty_space height=&#8221;80px&#8221;][\/vc_column][vc_column width=&#8221;1\/2&#8243;][vc_column_text css=&#8221;&#8221;]EIXO 2 &#8211; Inser\u00e7\u00e3o S\u00f3ciolaboral e Promo\u00e7\u00e3o do Trabalho Decente (La\u00eds Meneguello Bressan, Vin\u00edcius Cruz, Lu\u00eds Aires Magalh\u00e3es)[\/vc_column_text][vc_column_text css=&#8221;&#8221;]<video class=\"videos_box\" poster=\"https:\/\/www.nepo.unicamp.br\/observatorio\/wp-content\/uploads\/2024\/11\/imgEixo2.png\" controls=\"controls\" width=\"520\" height=\"293\"><br \/><source src=\"https:\/\/www.nepo.unicamp.br\/observatorio\/wp-content\/uploads\/2024\/11\/CicloFormativo-Eixo2.mp4\" type=\"video\/mp4\" \/><br \/><\/video>[\/vc_column_text][vc_empty_space height=&#8221;80px&#8221;][\/vc_column][\/vc_row][vc_row css_animation=&#8221;&#8221; row_type=&#8221;row&#8221; use_row_as_full_screen_section=&#8221;no&#8221; type=&#8221;full_width&#8221; angled_section=&#8221;no&#8221; text_align=&#8221;left&#8221; background_image_as_pattern=&#8221;without_pattern&#8221;][vc_column width=&#8221;1\/2&#8243;][vc_column_text css=&#8221;&#8221;]EIXO 3 &#8211; Interculturalidades e Diversidades[\/vc_column_text][vc_column_text css=&#8221;&#8221;]<video class=\"videos_box\" poster=\"https:\/\/www.nepo.unicamp.br\/observatorio\/wp-content\/uploads\/2024\/11\/imgEixo3.png\" controls=\"controls\" width=\"520\" height=\"293\"><br \/><source src=\"https:\/\/www.nepo.unicamp.br\/observatorio\/wp-content\/uploads\/2024\/11\/CicloFormativo-Eixo3.mp4\" type=\"video\/mp4\" \/><br \/><\/video>[\/vc_column_text][vc_empty_space height=&#8221;80px&#8221;][\/vc_column][vc_column width=&#8221;1\/2&#8243;][vc_column_text css=&#8221;&#8221;]EIXO 4 &#8211; Governan\u00e7a e Participa\u00e7\u00e3o Social[\/vc_column_text][vc_column_text css=&#8221;&#8221;]<video class=\"videos_box\" poster=\"https:\/\/www.nepo.unicamp.br\/observatorio\/wp-content\/uploads\/2024\/11\/imgEixo4.png\" controls=\"controls\" width=\"520\" height=\"293\"><br \/><source src=\"https:\/\/www.nepo.unicamp.br\/observatorio\/wp-content\/uploads\/2024\/11\/CicloFormativo-Eixo4.mp4\" type=\"video\/mp4\" \/><br \/><\/video>[\/vc_column_text][vc_empty_space height=&#8221;80px&#8221;][\/vc_column][\/vc_row][vc_row css_animation=&#8221;&#8221; row_type=&#8221;row&#8221; use_row_as_full_screen_section=&#8221;no&#8221; type=&#8221;full_width&#8221; angled_section=&#8221;no&#8221; text_align=&#8221;left&#8221; background_image_as_pattern=&#8221;without_pattern&#8221;][vc_column width=&#8221;1\/2&#8243;][vc_column_text css=&#8221;&#8221;]EIXO 5 &#8211; Regulariza\u00e7\u00e3o migrat\u00f3ria e documental[\/vc_column_text][vc_column_text css=&#8221;&#8221;]<video class=\"videos_box\" poster=\"https:\/\/www.nepo.unicamp.br\/observatorio\/wp-content\/uploads\/2024\/11\/imgEixo5.png\" controls=\"controls\" width=\"520\" height=\"293\"><br \/><source src=\"https:\/\/www.nepo.unicamp.br\/observatorio\/wp-content\/uploads\/2024\/11\/CicloFormativo-Eixo5.mp4\" type=\"video\/mp4\" \/><br \/><\/video>[\/vc_column_text][vc_empty_space height=&#8221;80px&#8221;][\/vc_column][vc_column width=&#8221;1\/2&#8243;][vc_column_text css=&#8221;&#8221;]EIXO 6 &#8211; Enfrentamento a viola\u00e7\u00e3o de direitos[\/vc_column_text][vc_column_text css=&#8221;&#8221;]<video class=\"videos_box\" poster=\"https:\/\/www.nepo.unicamp.br\/observatorio\/wp-content\/uploads\/2024\/11\/imgEixo6.png\" controls=\"controls\" width=\"520\" height=\"293\"><br \/><source src=\"https:\/\/www.nepo.unicamp.br\/observatorio\/wp-content\/uploads\/2024\/11\/CicloFormativo-Eixo6.mp4\" type=\"video\/mp4\" \/><br \/><\/video>[\/vc_column_text][vc_empty_space height=&#8221;80px&#8221;][\/vc_column][\/vc_row][vc_row css_animation=&#8221;&#8221; row_type=&#8221;row&#8221; use_row_as_full_screen_section=&#8221;no&#8221; type=&#8221;full_width&#8221; angled_section=&#8221;no&#8221; text_align=&#8221;left&#8221; background_image_as_pattern=&#8221;without_pattern&#8221;][vc_column][vc_empty_space height=&#8221;80px&#8221;][\/vc_column][\/vc_row]<\/p>\n<\/div>","protected":false},"excerpt":{"rendered":"<p>[vc_row css_animation=&#8221;&#8221; row_type=&#8221;row&#8221; use_row_as_full_screen_section=&#8221;no&#8221; type=&#8221;full_width&#8221; angled_section=&#8221;no&#8221; text_align=&#8221;left&#8221; background_image_as_pattern=&#8221;without_pattern&#8221;][vc_column width=&#8221;1\/2&#8243;][vc_column_text css=&#8221;&#8221;]EIXO 1 &#8211; Igualdade de Tratamento e Acesso a Servi\u00e7os P\u00fablicos (Mona Perlingeiro e Fabiana Nogueira)[\/vc_column_text][vc_empty_space height=&#8221;27px&#8221;][vc_column_text css=&#8221;&#8221;][\/vc_column_text][vc_empty_space height=&#8221;80px&#8221;][\/vc_column][vc_column width=&#8221;1\/2&#8243;][vc_column_text css=&#8221;&#8221;]EIXO 2 &#8211; Inser\u00e7\u00e3o S\u00f3ciolaboral e Promo\u00e7\u00e3o do Trabalho Decente (La\u00eds Meneguello Bressan, Vin\u00edcius Cruz, Lu\u00eds&#8230;<\/p>\n","protected":false},"author":1,"featured_media":0,"parent":0,"menu_order":0,"comment_status":"closed","ping_status":"closed","template":"","meta":{"footnotes":""},"class_list":["post-17388","page","type-page","status-publish","hentry"],"yoast_head":"<!-- This site is optimized with the Yoast SEO plugin v27.4 - https:\/\/yoast.com\/product\/yoast-seo-wordpress\/ -->\n<title>Ciclo Formativo para a II Comigrar - Observat\u00f3rio das Migra\u00e7\u00f5es em S\u00e3o Paulo<\/title>\n<meta name=\"robots\" content=\"index, follow, max-snippet:-1, max-image-preview:large, max-video-preview:-1\" \/>\n<link rel=\"canonical\" href=\"https:\/\/www.nepo.unicamp.br\/observatorio\/ciclo-formativo-para-a-ii-comigrar\/\" \/>\n<meta property=\"og:locale\" content=\"pt_BR\" \/>\n<meta property=\"og:type\" content=\"article\" \/>\n<meta property=\"og:title\" content=\"Ciclo Formativo para a II Comigrar - Observat\u00f3rio das Migra\u00e7\u00f5es em S\u00e3o Paulo\" \/>\n<meta property=\"og:description\" content=\"[vc_row css_animation=&#8221;&#8221; row_type=&#8221;row&#8221; use_row_as_full_screen_section=&#8221;no&#8221; type=&#8221;full_width&#8221; angled_section=&#8221;no&#8221; text_align=&#8221;left&#8221; background_image_as_pattern=&#8221;without_pattern&#8221;][vc_column width=&#8221;1\/2&#8243;][vc_column_text css=&#8221;&#8221;]EIXO 1 &#8211; Igualdade de Tratamento e Acesso a Servi\u00e7os P\u00fablicos (Mona Perlingeiro e Fabiana Nogueira)[\/vc_column_text][vc_empty_space height=&#8221;27px&#8221;][vc_column_text css=&#8221;&#8221;][\/vc_column_text][vc_empty_space height=&#8221;80px&#8221;][\/vc_column][vc_column width=&#8221;1\/2&#8243;][vc_column_text css=&#8221;&#8221;]EIXO 2 &#8211; Inser\u00e7\u00e3o S\u00f3ciolaboral e Promo\u00e7\u00e3o do Trabalho Decente (La\u00eds Meneguello Bressan, Vin\u00edcius Cruz, Lu\u00eds...\" \/>\n<meta property=\"og:url\" content=\"https:\/\/www.nepo.unicamp.br\/observatorio\/ciclo-formativo-para-a-ii-comigrar\/\" \/>\n<meta property=\"og:site_name\" content=\"Observat\u00f3rio das Migra\u00e7\u00f5es em S\u00e3o Paulo\" \/>\n<meta property=\"article:publisher\" content=\"https:\/\/www.facebook.com\/observatoriodasmigracoesemsaopaulo\" \/>\n<meta property=\"article:modified_time\" content=\"2024-11-06T15:53:58+00:00\" \/>\n<meta name=\"twitter:card\" content=\"summary_large_image\" \/>\n<meta name=\"twitter:label1\" content=\"Est. tempo de leitura\" \/>\n\t<meta name=\"twitter:data1\" content=\"1 minuto\" \/>\n<script type=\"application\/ld+json\" class=\"yoast-schema-graph\">{\"@context\":\"https:\\\/\\\/schema.org\",\"@graph\":[{\"@type\":\"WebPage\",\"@id\":\"https:\\\/\\\/www.nepo.unicamp.br\\\/observatorio\\\/ciclo-formativo-para-a-ii-comigrar\\\/\",\"url\":\"https:\\\/\\\/www.nepo.unicamp.br\\\/observatorio\\\/ciclo-formativo-para-a-ii-comigrar\\\/\",\"name\":\"Ciclo Formativo para a II Comigrar - Observat\u00f3rio das Migra\u00e7\u00f5es em S\u00e3o Paulo\",\"isPartOf\":{\"@id\":\"https:\\\/\\\/www.nepo.unicamp.br\\\/observatorio\\\/#website\"},\"datePublished\":\"2024-11-06T10:56:13+00:00\",\"dateModified\":\"2024-11-06T15:53:58+00:00\",\"breadcrumb\":{\"@id\":\"https:\\\/\\\/www.nepo.unicamp.br\\\/observatorio\\\/ciclo-formativo-para-a-ii-comigrar\\\/#breadcrumb\"},\"inLanguage\":\"pt-BR\",\"potentialAction\":[{\"@type\":\"ReadAction\",\"target\":[\"https:\\\/\\\/www.nepo.unicamp.br\\\/observatorio\\\/ciclo-formativo-para-a-ii-comigrar\\\/\"]}]},{\"@type\":\"BreadcrumbList\",\"@id\":\"https:\\\/\\\/www.nepo.unicamp.br\\\/observatorio\\\/ciclo-formativo-para-a-ii-comigrar\\\/#breadcrumb\",\"itemListElement\":[{\"@type\":\"ListItem\",\"position\":1,\"name\":\"Home\",\"item\":\"https:\\\/\\\/www.nepo.unicamp.br\\\/observatorio\\\/\"},{\"@type\":\"ListItem\",\"position\":2,\"name\":\"Ciclo Formativo para a II Comigrar\"}]},{\"@type\":\"WebSite\",\"@id\":\"https:\\\/\\\/www.nepo.unicamp.br\\\/observatorio\\\/#website\",\"url\":\"https:\\\/\\\/www.nepo.unicamp.br\\\/observatorio\\\/\",\"name\":\"Observat\u00f3rio das Migra\u00e7\u00f5es em S\u00e3o Paulo\",\"description\":\"\",\"publisher\":{\"@id\":\"https:\\\/\\\/www.nepo.unicamp.br\\\/observatorio\\\/#organization\"},\"potentialAction\":[{\"@type\":\"SearchAction\",\"target\":{\"@type\":\"EntryPoint\",\"urlTemplate\":\"https:\\\/\\\/www.nepo.unicamp.br\\\/observatorio\\\/?s={search_term_string}\"},\"query-input\":{\"@type\":\"PropertyValueSpecification\",\"valueRequired\":true,\"valueName\":\"search_term_string\"}}],\"inLanguage\":\"pt-BR\"},{\"@type\":\"Organization\",\"@id\":\"https:\\\/\\\/www.nepo.unicamp.br\\\/observatorio\\\/#organization\",\"name\":\"Observat\u00f3rio das Migra\u00e7\u00f5es em S\u00e3o Paulo\",\"url\":\"https:\\\/\\\/www.nepo.unicamp.br\\\/observatorio\\\/\",\"logo\":{\"@type\":\"ImageObject\",\"inLanguage\":\"pt-BR\",\"@id\":\"https:\\\/\\\/www.nepo.unicamp.br\\\/observatorio\\\/#\\\/schema\\\/logo\\\/image\\\/\",\"url\":\"https:\\\/\\\/www.nepo.unicamp.br\\\/observatorio\\\/wp-content\\\/uploads\\\/2024\\\/05\\\/logoCor.png\",\"contentUrl\":\"https:\\\/\\\/www.nepo.unicamp.br\\\/observatorio\\\/wp-content\\\/uploads\\\/2024\\\/05\\\/logoCor.png\",\"width\":413,\"height\":120,\"caption\":\"Observat\u00f3rio das Migra\u00e7\u00f5es em S\u00e3o Paulo\"},\"image\":{\"@id\":\"https:\\\/\\\/www.nepo.unicamp.br\\\/observatorio\\\/#\\\/schema\\\/logo\\\/image\\\/\"},\"sameAs\":[\"https:\\\/\\\/www.facebook.com\\\/observatoriodasmigracoesemsaopaulo\",\"https:\\\/\\\/www.instagram.com\\\/observatoriodasmigracoessp\\\/\",\"https:\\\/\\\/www.youtube.com\\\/channel\\\/UCA9EvVOGyEhKCcO9VFh65Ow\"]}]}<\/script>\n<!-- \/ Yoast SEO plugin. -->","yoast_head_json":{"title":"Ciclo Formativo para a II Comigrar - Observat\u00f3rio das Migra\u00e7\u00f5es em S\u00e3o Paulo","robots":{"index":"index","follow":"follow","max-snippet":"max-snippet:-1","max-image-preview":"max-image-preview:large","max-video-preview":"max-video-preview:-1"},"canonical":"https:\/\/www.nepo.unicamp.br\/observatorio\/ciclo-formativo-para-a-ii-comigrar\/","og_locale":"pt_BR","og_type":"article","og_title":"Ciclo Formativo para a II Comigrar - Observat\u00f3rio das Migra\u00e7\u00f5es em S\u00e3o Paulo","og_description":"[vc_row css_animation=&#8221;&#8221; row_type=&#8221;row&#8221; use_row_as_full_screen_section=&#8221;no&#8221; type=&#8221;full_width&#8221; angled_section=&#8221;no&#8221; text_align=&#8221;left&#8221; background_image_as_pattern=&#8221;without_pattern&#8221;][vc_column width=&#8221;1\/2&#8243;][vc_column_text css=&#8221;&#8221;]EIXO 1 &#8211; Igualdade de Tratamento e Acesso a Servi\u00e7os P\u00fablicos (Mona Perlingeiro e Fabiana Nogueira)[\/vc_column_text][vc_empty_space height=&#8221;27px&#8221;][vc_column_text css=&#8221;&#8221;][\/vc_column_text][vc_empty_space height=&#8221;80px&#8221;][\/vc_column][vc_column width=&#8221;1\/2&#8243;][vc_column_text css=&#8221;&#8221;]EIXO 2 &#8211; Inser\u00e7\u00e3o S\u00f3ciolaboral e Promo\u00e7\u00e3o do Trabalho Decente (La\u00eds Meneguello Bressan, Vin\u00edcius Cruz, Lu\u00eds...","og_url":"https:\/\/www.nepo.unicamp.br\/observatorio\/ciclo-formativo-para-a-ii-comigrar\/","og_site_name":"Observat\u00f3rio das Migra\u00e7\u00f5es em S\u00e3o Paulo","article_publisher":"https:\/\/www.facebook.com\/observatoriodasmigracoesemsaopaulo","article_modified_time":"2024-11-06T15:53:58+00:00","twitter_card":"summary_large_image","twitter_misc":{"Est. tempo de leitura":"1 minuto"},"schema":{"@context":"https:\/\/schema.org","@graph":[{"@type":"WebPage","@id":"https:\/\/www.nepo.unicamp.br\/observatorio\/ciclo-formativo-para-a-ii-comigrar\/","url":"https:\/\/www.nepo.unicamp.br\/observatorio\/ciclo-formativo-para-a-ii-comigrar\/","name":"Ciclo Formativo para a II Comigrar - Observat\u00f3rio das Migra\u00e7\u00f5es em S\u00e3o Paulo","isPartOf":{"@id":"https:\/\/www.nepo.unicamp.br\/observatorio\/#website"},"datePublished":"2024-11-06T10:56:13+00:00","dateModified":"2024-11-06T15:53:58+00:00","breadcrumb":{"@id":"https:\/\/www.nepo.unicamp.br\/observatorio\/ciclo-formativo-para-a-ii-comigrar\/#breadcrumb"},"inLanguage":"pt-BR","potentialAction":[{"@type":"ReadAction","target":["https:\/\/www.nepo.unicamp.br\/observatorio\/ciclo-formativo-para-a-ii-comigrar\/"]}]},{"@type":"BreadcrumbList","@id":"https:\/\/www.nepo.unicamp.br\/observatorio\/ciclo-formativo-para-a-ii-comigrar\/#breadcrumb","itemListElement":[{"@type":"ListItem","position":1,"name":"Home","item":"https:\/\/www.nepo.unicamp.br\/observatorio\/"},{"@type":"ListItem","position":2,"name":"Ciclo Formativo para a II Comigrar"}]},{"@type":"WebSite","@id":"https:\/\/www.nepo.unicamp.br\/observatorio\/#website","url":"https:\/\/www.nepo.unicamp.br\/observatorio\/","name":"Observat\u00f3rio das Migra\u00e7\u00f5es em S\u00e3o Paulo","description":"","publisher":{"@id":"https:\/\/www.nepo.unicamp.br\/observatorio\/#organization"},"potentialAction":[{"@type":"SearchAction","target":{"@type":"EntryPoint","urlTemplate":"https:\/\/www.nepo.unicamp.br\/observatorio\/?s={search_term_string}"},"query-input":{"@type":"PropertyValueSpecification","valueRequired":true,"valueName":"search_term_string"}}],"inLanguage":"pt-BR"},{"@type":"Organization","@id":"https:\/\/www.nepo.unicamp.br\/observatorio\/#organization","name":"Observat\u00f3rio das Migra\u00e7\u00f5es em S\u00e3o Paulo","url":"https:\/\/www.nepo.unicamp.br\/observatorio\/","logo":{"@type":"ImageObject","inLanguage":"pt-BR","@id":"https:\/\/www.nepo.unicamp.br\/observatorio\/#\/schema\/logo\/image\/","url":"https:\/\/www.nepo.unicamp.br\/observatorio\/wp-content\/uploads\/2024\/05\/logoCor.png","contentUrl":"https:\/\/www.nepo.unicamp.br\/observatorio\/wp-content\/uploads\/2024\/05\/logoCor.png","width":413,"height":120,"caption":"Observat\u00f3rio das Migra\u00e7\u00f5es em S\u00e3o Paulo"},"image":{"@id":"https:\/\/www.nepo.unicamp.br\/observatorio\/#\/schema\/logo\/image\/"},"sameAs":["https:\/\/www.facebook.com\/observatoriodasmigracoesemsaopaulo","https:\/\/www.instagram.com\/observatoriodasmigracoessp\/","https:\/\/www.youtube.com\/channel\/UCA9EvVOGyEhKCcO9VFh65Ow"]}]}},"_links":{"self":[{"href":"https:\/\/www.nepo.unicamp.br\/observatorio\/wp-json\/wp\/v2\/pages\/17388","targetHints":{"allow":["GET"]}}],"collection":[{"href":"https:\/\/www.nepo.unicamp.br\/observatorio\/wp-json\/wp\/v2\/pages"}],"about":[{"href":"https:\/\/www.nepo.unicamp.br\/observatorio\/wp-json\/wp\/v2\/types\/page"}],"author":[{"embeddable":true,"href":"https:\/\/www.nepo.unicamp.br\/observatorio\/wp-json\/wp\/v2\/users\/1"}],"replies":[{"embeddable":true,"href":"https:\/\/www.nepo.unicamp.br\/observatorio\/wp-json\/wp\/v2\/comments?post=17388"}],"version-history":[{"count":19,"href":"https:\/\/www.nepo.unicamp.br\/observatorio\/wp-json\/wp\/v2\/pages\/17388\/revisions"}],"predecessor-version":[{"id":17410,"href":"https:\/\/www.nepo.unicamp.br\/observatorio\/wp-json\/wp\/v2\/pages\/17388\/revisions\/17410"}],"wp:attachment":[{"href":"https:\/\/www.nepo.unicamp.br\/observatorio\/wp-json\/wp\/v2\/media?parent=17388"}],"curies":[{"name":"wp","href":"https:\/\/api.w.org\/{rel}","templated":true}]}}