{"id":8,"date":"2022-08-01T10:00:31","date_gmt":"2022-08-01T13:00:31","guid":{"rendered":"https:\/\/www.nepo.unicamp.br\/nacaob\/?page_id=8"},"modified":"2023-04-20T15:39:46","modified_gmt":"2023-04-20T18:39:46","slug":"sobre","status":"publish","type":"page","link":"https:\/\/www.nepo.unicamp.br\/nacaob\/sobre\/","title":{"rendered":"Sobre"},"content":{"rendered":"[vc_row full_width=&#8221;stretch_row_content_no_spaces&#8221; parallax=&#8221;yes&#8221; fullwidth=&#8221;yes&#8221; bg_type=&#8221;bg_image&#8221; top_margin=&#8221;-52&#8243; bottom_margin=&#8221;0&#8243; image_url=&#8221;88&#8243;][vc_column][vc_empty_space height=&#8221;240px&#8221;][\/vc_column][\/vc_row][vc_row][vc_column][vc_empty_space height=&#8221;50px&#8221;][\/vc_column][\/vc_row][vc_row gap=&#8221;10&#8243; full_height=&#8221;yes&#8221; top_margin=&#8221;0&#8243; bottom_margin=&#8221;0&#8243;][vc_column width=&#8221;1\/2&#8243;][vc_text_separator title=&#8221;O que \u00e9&#8221; title_align=&#8221;separator_align_left&#8221;][vc_column_text]Software desenvolvido por Dario Scott e Ana Silvia Volpi Scott para inclus\u00e3o de registros paroquiais e outras fontes nominativas para possibilitar a reconstitui\u00e7\u00e3o de fam\u00edlias a partir da metodologia proposta por Louis Henry. O sistema foi desenvolvido em C# e utiliza um banco de dados SQL. O software roda sob o sistema operacional Windows XP ou superior e \u00e9 necess\u00e1rio a instala\u00e7\u00e3o da biblioteca Microsoft.NET Framework 3.5.<\/p>\n<p>Atualmente o software \u00e9 utilizado por pesquisadores integrantes do GP Demografia &amp; Hist\u00f3ria do CNPq lotados em diversas institui\u00e7\u00f5es de ensino superior no pa\u00ed\u00ads (UNICAMP, UFPA, UFRN, UNISINOS entre outras), que participam do projeto coordenado pelo Prof. Sergio Nadalin (Al\u00e9m do Centro-Sul: por uma hist\u00f3ria da popula\u00e7\u00e3o nos extremos dos dom\u00ed\u00adnios lusos na Am\u00e9rica.[\/vc_column_text][\/vc_column][vc_column width=&#8221;1\/2&#8243;][vc_text_separator title=&#8221;Vantagens&#8221; title_align=&#8221;separator_align_left&#8221;][vc_column_text]\u00c9 uma base que busca manter total fidelidade aos documentos originais padronizando as informa\u00e7\u00f5es possibilitando amplo leque de estudos comparativos. A base de dados da sua pesquisa \u00e9 disponibilizada regularmente para explora\u00e7\u00e3o e an\u00e1lise das informa\u00e7\u00f5es coletadas.<\/p>\n<p>A vantagem em se utilizar o NACAOB \u00e9 trabalhar em uma base de dados normalizada que possibilita a compara\u00e7\u00e3o com outras localidades j\u00e1 inseridas. O sistema ainda possibilita o cruzamento dos registros paroquiais para a reconstitui\u00e7\u00e3o de fam\u00ed\u00adlias de uma forma semi-autom\u00e1tica baseada na metodologia de Louis Henry. Os dados inseridos tamb\u00eam podem ser cruzados com outras fontes nominativas.[\/vc_column_text][\/vc_column][\/vc_row][vc_row][vc_column][vc_empty_space height=&#8221;50px&#8221;][\/vc_column][\/vc_row][vc_row full_width=&#8221;stretch_row_content&#8221; fullwidth=&#8221;yes&#8221; bg_type=&#8221;bg_image&#8221; top_margin=&#8221;0&#8243; bottom_margin=&#8221;0&#8243; css=&#8221;.vc_custom_1659362096914{background-image: url(https:\/\/www.nepo.unicamp.br\/nacaob\/wp-content\/uploads\/2022\/08\/sobre.jpg?id=59) !important;}&#8221; image_url=&#8221;59&#8243;][vc_column][vc_row_inner][vc_column_inner][vc_empty_space height=&#8221;50px&#8221;][\/vc_column_inner][\/vc_row_inner][vc_row_inner][vc_column_inner width=&#8221;1\/5&#8243;]<div class=\"shortcode-wrapper shortcode-milestone-counter clearfix\"><p class=\"aligncenter\"><i class=\"icon-search hb-icon hb-icon-float-none\" style=\"color:#ffffff\"><\/i><\/p><div class=\"hb-counter\"><div class=\"count-number\" data-from=\"0\" data-to=\"8\" data-speed=\"700\" style=\"color:#ffffff\"><\/div><div class=\"count-separator\"><span><\/span><\/div><h3 class=\"count-subject\" style=\"color:#ffffff\">PROJETOS DE PESQUISA<\/h3><\/div><\/div>[\/vc_column_inner][vc_column_inner width=&#8221;1\/5&#8243;]<div class=\"shortcode-wrapper shortcode-milestone-counter clearfix\"><p class=\"aligncenter\"><i class=\"hb-moon-home-11 hb-icon hb-icon-float-none\" style=\"color:#ffffff\"><\/i><\/p><div class=\"hb-counter\"><div class=\"count-number\" data-from=\"0\" data-to=\"190.016\" data-speed=\"700\" style=\"color:#ffffff\"><\/div><div class=\"count-separator\"><span><\/span><\/div><h3 class=\"count-subject\" style=\"color:#ffffff\">REGISTROS PAROQUIAIS<\/h3><\/div><\/div>[\/vc_column_inner][vc_column_inner width=&#8221;1\/5&#8243;]<div class=\"shortcode-wrapper shortcode-milestone-counter clearfix\"><p class=\"aligncenter\"><i class=\"hb-moon-reading hb-icon hb-icon-float-none\" style=\"color:#ffffff\"><\/i><\/p><div class=\"hb-counter\"><div class=\"count-number\" data-from=\"0\" data-to=\"890.354\" data-speed=\"700\" style=\"color:#ffffff\"><\/div><div class=\"count-separator\"><span><\/span><\/div><h3 class=\"count-subject\" style=\"color:#ffffff\">REGISTROS DE INDIV\u00cdDUOS<\/h3><\/div><\/div>[\/vc_column_inner][vc_column_inner width=&#8221;1\/5&#8243;]<div class=\"shortcode-wrapper shortcode-milestone-counter clearfix\"><p class=\"aligncenter\"><i class=\"hb-moon-location-4 hb-icon hb-icon-float-none\" style=\"color:#ffffff\"><\/i><\/p><div class=\"hb-counter\"><div class=\"count-number\" data-from=\"0\" data-to=\"31\" data-speed=\"700\" style=\"color:#ffffff\"><\/div><div class=\"count-separator\"><span><\/span><\/div><h3 class=\"count-subject\" style=\"color:#ffffff\">FREGUESIAS<\/h3><\/div><\/div>[\/vc_column_inner][vc_column_inner width=&#8221;1\/5&#8243;]<div class=\"shortcode-wrapper shortcode-milestone-counter clearfix\"><p class=\"aligncenter\"><i class=\"hb-moon-user-5 hb-icon hb-icon-float-none\" style=\"color:#ffffff\"><\/i><\/p><div class=\"hb-counter\"><div class=\"count-number\" data-from=\"0\" data-to=\"191\" data-speed=\"700\" style=\"color:#ffffff\"><\/div><div class=\"count-separator\"><span><\/span><\/div><h3 class=\"count-subject\" style=\"color:#ffffff\">USU\u00c1RIOS<\/h3><\/div><\/div>[\/vc_column_inner][\/vc_row_inner][vc_row_inner][vc_column_inner][vc_empty_space height=&#8221;50px&#8221;][\/vc_column_inner][\/vc_row_inner][\/vc_column][\/vc_row][vc_row gap=&#8221;10&#8243; full_height=&#8221;yes&#8221; top_margin=&#8221;0&#8243; bottom_margin=&#8221;0&#8243;][vc_column][vc_row_inner][vc_column_inner][vc_empty_space height=&#8221;80&#8243;][\/vc_column_inner][\/vc_row_inner][\/vc_column][\/vc_row][vc_row gap=&#8221;10&#8243; full_height=&#8221;yes&#8221; top_margin=&#8221;0&#8243; bottom_margin=&#8221;0&#8243;][vc_column][vc_row_inner][vc_column_inner][vc_text_separator title=&#8221;V\u00eddeo Aulas&#8221; title_align=&#8221;separator_align_left&#8221;][\/vc_column_inner][\/vc_row_inner][\/vc_column][\/vc_row][vc_row gap=&#8221;10&#8243; full_height=&#8221;yes&#8221; top_margin=&#8221;0&#8243; bottom_margin=&#8221;0&#8243;][vc_column width=&#8221;2\/5&#8243;][vc_column_text]\n<h2>Instala\u00e7\u00e3o e a estrutura do banco de dados e as etapas para cadastrar os registros.<\/h2>\n[\/vc_column_text][vc_video link=&#8221;https:\/\/www.youtube.com\/watch?v=2HQdXCzHtnk&#8221;][\/vc_column][vc_column width=&#8221;1\/5&#8243;][\/vc_column][vc_column width=&#8221;2\/5&#8243;][vc_column_text]\n<h2>Como trabalhar com as extra\u00e7\u00f5es do banco de dados.<\/h2>\n[\/vc_column_text][vc_empty_space][vc_video link=&#8221;https:\/\/youtu.be\/FzEklxN6V4A&#8221;][\/vc_column][\/vc_row][vc_row][vc_column][vc_empty_space height=&#8221;100&#8243;][\/vc_column][\/vc_row][vc_row gap=&#8221;10&#8243; full_height=&#8221;yes&#8221; top_margin=&#8221;0&#8243; bottom_margin=&#8221;0&#8243;][vc_column width=&#8221;1\/2&#8243;][vc_text_separator title=&#8221;FAQ &#8211; D\u00favidas Frequentes&#8221; title_align=&#8221;separator_align_left&#8221;][\/vc_column][vc_column width=&#8221;1\/2&#8243;][vc_text_separator title=&#8221;Facilidades&#8221; title_align=&#8221;separator_align_left&#8221;][vc_column_text]O pesquisador visualiza o registro completo em uma \u00fanica tela, incorpora calend\u00e1rio perp\u00e9tuo e um dicion\u00e1rio de nomes assim como tabelas comuns de naturalidades, rela\u00e7\u00f5es familiares, ocupa\u00e7\u00f5es, cores, atributos, causa morte, entre outras.<\/p>\n<p>Permite a inclus\u00e3o e consulta r\u00e1pida das informa\u00e7\u00f5es cadastradas assim como se for de interesse do pesquisador o link com a imagem original do registro.[\/vc_column_text][vc_text_separator title=&#8221;Confian\u00e7a&#8221; title_align=&#8221;separator_align_left&#8221;][vc_column_text]A base se dados est\u00e1 hospedada atualmente na Locaweb que efetua backups di\u00e1rios e mant\u00eam o servidor dispon\u00ed\u00advel para os pesquisadores 24 horas por dia 7 dias por semana.<\/p>\n<p>A utiliza\u00e7\u00e3o do NACAOB remonta aos in\u00edcios da d\u00e9cada de 1990 ainda em sistema DOS numa vers\u00e3o mono-usu\u00e1rio. A vers\u00e3o WEB est\u00e1 em uso desde 2009 sendo amplamente utilizada por pesquisadores de diversas institui\u00e7\u00f5es vinculados ao Grupo de Pesquisa CNPq Demografia &amp; Hist\u00f3ria.[\/vc_column_text][\/vc_column][\/vc_row]\n","protected":false},"excerpt":{"rendered":"<p>[vc_row full_width=&#8221;stretch_row_content_no_spaces&#8221; parallax=&#8221;yes&#8221; fullwidth=&#8221;yes&#8221; bg_type=&#8221;bg_image&#8221; top_margin=&#8221;-52&#8243; bottom_margin=&#8221;0&#8243; image_url=&#8221;88&#8243;][vc_column][vc_empty_space height=&#8221;240px&#8221;][\/vc_column][\/vc_row][vc_row][vc_column][vc_empty_space height=&#8221;50px&#8221;][\/vc_column][\/vc_row][vc_row gap=&#8221;10&#8243; full_height=&#8221;yes&#8221; top_margin=&#8221;0&#8243; bottom_margin=&#8221;0&#8243;][vc_column width=&#8221;1\/2&#8243;][vc_text_separator title=&#8221;O que \u00e9&#8221; title_align=&#8221;separator_align_left&#8221;][vc_column_text]Software desenvolvido por Dario Scott e Ana Silvia Volpi Scott para inclus\u00e3o de registros paroquiais e outras fontes nominativas para possibilitar a reconstitui\u00e7\u00e3o de fam\u00edlias a partir da metodologia proposta por Louis Henry. O sistema foi desenvolvido [&hellip;]<\/p>\n","protected":false},"author":1,"featured_media":0,"parent":0,"menu_order":0,"comment_status":"closed","ping_status":"closed","template":"","meta":{"footnotes":""},"class_list":["post-8","page","type-page","status-publish","hentry"],"_links":{"self":[{"href":"https:\/\/www.nepo.unicamp.br\/nacaob\/wp-json\/wp\/v2\/pages\/8","targetHints":{"allow":["GET"]}}],"collection":[{"href":"https:\/\/www.nepo.unicamp.br\/nacaob\/wp-json\/wp\/v2\/pages"}],"about":[{"href":"https:\/\/www.nepo.unicamp.br\/nacaob\/wp-json\/wp\/v2\/types\/page"}],"author":[{"embeddable":true,"href":"https:\/\/www.nepo.unicamp.br\/nacaob\/wp-json\/wp\/v2\/users\/1"}],"replies":[{"embeddable":true,"href":"https:\/\/www.nepo.unicamp.br\/nacaob\/wp-json\/wp\/v2\/comments?post=8"}],"version-history":[{"count":50,"href":"https:\/\/www.nepo.unicamp.br\/nacaob\/wp-json\/wp\/v2\/pages\/8\/revisions"}],"predecessor-version":[{"id":226,"href":"https:\/\/www.nepo.unicamp.br\/nacaob\/wp-json\/wp\/v2\/pages\/8\/revisions\/226"}],"wp:attachment":[{"href":"https:\/\/www.nepo.unicamp.br\/nacaob\/wp-json\/wp\/v2\/media?parent=8"}],"curies":[{"name":"wp","href":"https:\/\/api.w.org\/{rel}","templated":true}]}}